{"id":17815,"date":"2021-03-13T13:27:46","date_gmt":"2021-03-13T12:27:46","guid":{"rendered":"https:\/\/www.eelabisbal.com\/quienes-somos\/declaracion-de-fe\/"},"modified":"2025-01-23T20:33:25","modified_gmt":"2025-01-23T19:33:25","slug":"declaracion-de-fe","status":"publish","type":"page","link":"https:\/\/www.eelabisbal.com\/es\/quienes-somos\/declaracion-de-fe\/","title":{"rendered":"Declaraci\u00f3n de Fe"},"content":{"rendered":"\t\t<div data-elementor-type=\"wp-page\" data-elementor-id=\"17815\" class=\"elementor elementor-17815 elementor-17489\" data-elementor-post-type=\"page\">\n\t\t\t\t\t\t<section class=\"elementor-section elementor-top-section elementor-element elementor-element-d30325e elementor-section-full_width elementor-section-height-default elementor-section-height-default\" data-id=\"d30325e\" data-element_type=\"section\" data-e-type=\"section\">\n\t\t\t\t\t\t<div class=\"elementor-container elementor-column-gap-custom\">\n\t\t\t\t\t<div class=\"elementor-column elementor-col-100 elementor-top-column elementor-element elementor-element-b2398d2\" data-id=\"b2398d2\" data-element_type=\"column\" data-e-type=\"column\">\n\t\t\t<div class=\"elementor-widget-wrap elementor-element-populated\">\n\t\t\t\t\t\t<div class=\"elementor-element elementor-element-71f1080 elementor-widget elementor-widget-text-editor\" data-id=\"71f1080\" data-element_type=\"widget\" data-e-type=\"widget\" data-widget_type=\"text-editor.default\">\n\t\t\t\t<div class=\"elementor-widget-container\">\n\t\t\t\t\t\t\t\t\t<h2 style=\"text-align: center;\">DECLARACI\u00d3N DE FE<\/h2><h3><strong>Las Sagradas Escrituras<\/strong><\/h3><p>Creemos que las Sagradas Escrituras (Antiguo y Nuevo Testamentos), en sus documentos originales, son inspiradas divinamente \u00edntegramente, sin error, dignas de toda confianza, y deben constituir nuestra suprema autoridad en todo lo concerniente a nuestra fe y conducta.<\/p><h3><strong>Dios<\/strong><\/h3><p>Creemos que hay un solo Dios vivo y verdadero, personal, eterno, perfecto en justicia, infinito poder, sabidur\u00eda y bondad, el cual es Hacedor y Sustentador de todo cuanto existe. Que en la unidad de la Divinidad existen tres personas: el Padre, el Hijo y el Esp\u00edritu Santo, los cuales son iguales en sustancia, atributos divinos y gloria.<\/p><h3>Cristo<\/h3><p>Creemos que Jesucristo es Dios manifestado en carne. En \u00c9l concurren dos naturalezas: la divina, con todos sus atributos, y la humana en absoluta perfecci\u00f3n, constituyendo una sola Persona indivisible. Creemos en su nacimiento virginal, su vida sin pecado, sus milagros, su muerte vicaria y expiatoria, su resurrecci\u00f3n corporal, su ascensi\u00f3n, su obra mediadora y su segunda venida personal poder y gloria.<\/p><h3>Espiruto Santo<\/h3><p>Creemos que la persona divina del Esp\u00edritu Santo regenera al pecador y santifica al creyente, en el que mora, como pieza y garant\u00eda de su salvaci\u00f3n eterna, para fortalecerlo, consolarlo y conducirlo en una vida de obediencia a Dios. Creemos. asimismo, que el Esp\u00edritu Santo enriquece a la Iglesia con dones espirituales, le da unidad y la gu\u00eda en el cumplimiento de la misi\u00f3n que le fue encomendada.<\/p><h3>Expiaci\u00f3n<\/h3><p>Creemos que la muerte de Cristo tuvo como objeto la expiaci\u00f3n de los pecados de los seres humanos y que s\u00f3lo en virtud de los m\u00e9ritos de su muerte puede el hombre ser reconciliado con Dios y plenamente salvado.<\/p><h3>Regeneraci\u00f3n<\/h3><p>Creemos que todo ser humano, por naturaleza, es pecador, con una tendencia innata al pecado y una conducta pecaminosa, y que, como consecuencia, est\u00e1 destituido de la gloria de Dios. S\u00f3lo la acci\u00f3n del Esp\u00edritu Santo puede transformarlo dot\u00e1ndolo de una nueva naturaleza, mediante la regeneraci\u00f3n, para la que se requiere por parte del individuo el arrepentimiento y la fe en Cristo, condiciones indispensables para obtener la salvaci\u00f3n.<br \/>Creemos que la nueva vida de la persona regenerada es sostenida, asimismo, por el Esp\u00edritu Santo, el cual prosigue su acci\u00f3n santificadora en el creyente capacit\u00e1ndolo para vivir santamente y servir a Cristo.<\/p><h3>Iglesia<\/h3><ol><li><strong>Su naturaleza<\/strong>. Creemos que todos los redimidos constituyen la Iglesia Universal y son miembros del Cuerpo cuya cabeza es Cristo. Creemos que una Iglesia -en el sentido de congregaci\u00f3n local- es una agrupaci\u00f3n de creyentes en Cristo, bautizados seg\u00fan las ense\u00f1anzas del Nuevo Testamento, unidos bajo la direcci\u00f3n sagrada del Esp\u00edritu Santo, para tributar culto p\u00fablico a Dios, promover la edificaci\u00f3n de sus miembros, practicar las ordenanzas de Cristo y difundir el evangelio.<\/li><li><strong>Sus ordenanzas<\/strong>. Creemos que el Se\u00f1or Jesucristo dej\u00f3 establecidas dos ordenanzas para ser observadas por los creyentes: el Bautismo y la Santa Cena. El Bautismo, s\u00edmbolo de nuestra muerte al pecado y resurrecci\u00f3n a nueva vida con Cristo, se efect\u00faa por inmersi\u00f3n en agua, en el nombre del Padre, del Hijo y del Esp\u00edritu Santo. La Santa Cena fue instituida para conmemorar la muerte de Cristo y debe celebrarse con ambas especies, pan y vino, s\u00edmbolos del cuerpo y de la sangre del Se\u00f1or respectivamente.<\/li><\/ol><h3>Vida futura<\/h3><p>Creemos que los que han muerto pero han confiado en Cristo para su salvaci\u00f3n, ser\u00e1n resucitados en la segunda venida de Jesucristo, y de la misma manera, los que queden en ese momento ser\u00e1n arrebatados, para estar todos juntos para siempre con el Se\u00f1or. Los que rechazan el Evangelio ser\u00e1n juzgados y destinados a la condenaci\u00f3n eterna.<\/p>\t\t\t\t\t\t\t\t<\/div>\n\t\t\t\t<\/div>\n\t\t\t\t\t<\/div>\n\t\t<\/div>\n\t\t\t\t\t<\/div>\n\t\t<\/section>\n\t\t\t\t<\/div>\n\t\t","protected":false},"excerpt":{"rendered":"<p>DECLARACI\u00d3N DE FE Las Sagradas Escrituras Creemos que las Sagradas Escrituras (Antiguo y Nuevo Testamentos), en sus documentos originales, son inspiradas divinamente \u00edntegramente, sin error, dignas de toda confianza, y deben constituir nuestra suprema autoridad en todo lo concerniente a nuestra fe y conducta. Dios Creemos que hay un solo Dios vivo y verdadero, personal,<\/p>\n","protected":false},"author":1,"featured_media":0,"parent":17811,"menu_order":0,"comment_status":"closed","ping_status":"closed","template":"","meta":{"footnotes":""},"class_list":["post-17815","page","type-page","status-publish","hentry"],"_links":{"self":[{"href":"https:\/\/www.eelabisbal.com\/es\/wp-json\/wp\/v2\/pages\/17815","targetHints":{"allow":["GET"]}}],"collection":[{"href":"https:\/\/www.eelabisbal.com\/es\/wp-json\/wp\/v2\/pages"}],"about":[{"href":"https:\/\/www.eelabisbal.com\/es\/wp-json\/wp\/v2\/types\/page"}],"author":[{"embeddable":true,"href":"https:\/\/www.eelabisbal.com\/es\/wp-json\/wp\/v2\/users\/1"}],"replies":[{"embeddable":true,"href":"https:\/\/www.eelabisbal.com\/es\/wp-json\/wp\/v2\/comments?post=17815"}],"version-history":[{"count":9,"href":"https:\/\/www.eelabisbal.com\/es\/wp-json\/wp\/v2\/pages\/17815\/revisions"}],"predecessor-version":[{"id":18827,"href":"https:\/\/www.eelabisbal.com\/es\/wp-json\/wp\/v2\/pages\/17815\/revisions\/18827"}],"up":[{"embeddable":true,"href":"https:\/\/www.eelabisbal.com\/es\/wp-json\/wp\/v2\/pages\/17811"}],"wp:attachment":[{"href":"https:\/\/www.eelabisbal.com\/es\/wp-json\/wp\/v2\/media?parent=17815"}],"curies":[{"name":"wp","href":"https:\/\/api.w.org\/{rel}","templated":true}]}}